{"id":1112,"date":"2020-05-30T14:46:52","date_gmt":"2020-05-30T21:46:52","guid":{"rendered":"http:\/\/otessa.org\/fr\/?page_id=1112"},"modified":"2021-10-08T06:24:20","modified_gmt":"2021-10-08T13:24:20","slug":"membershipinfo","status":"publish","type":"page","link":"https:\/\/otessa.org\/fr\/membershipinfo\/","title":{"rendered":"Devenir membre"},"content":{"rendered":"<!--themify_builder_content-->\n<div id=\"themify_builder_content-1112\" data-postid=\"1112\" class=\"themify_builder_content themify_builder_content-1112 themify_builder tf_clear\">\n    \t\t\t\t<div  data-lazy=\"1\" class=\"module_row themify_builder_row tb_j0xb324 tb_first tf_w\">\n\t\t\t\t\t\t<div class=\"row_inner col_align_top tb_col_count_1 tf_box tf_rel\">\n\t\t\t\t\t\t<div  data-lazy=\"1\" class=\"module_column tb-column col-full tb_rhse324 first\">\n\t\t\t\t\t<!-- module text -->\n<div  class=\"module module-text tb_47df329   \" data-lazy=\"1\">\n\t<h3 class=\"module-title\">Informations<\/h3>    <div  class=\"tb_text_wrap\">\n\t\t<p>OTESSA invite les chercheurs, praticiens, professionnels et administrateurs de tous les ordres et secteurs d\u2019enseignement, ainsi que toute autre personne int\u00e9ress\u00e9e, \u00e0 se joindre \u00e0 l\u2019association en tant que membres individuels.<\/p>\n<p>En sus des tarifs pour les membres r\u00e9guliers, OTESSA charge des frais d\u2019adh\u00e9sion r\u00e9duits pour les \u00e9tudiants, enseignants du pr\u00e9scolaire, primaire et secondaire, professionnels retrait\u00e9s, \u00e0 faibles revenus et membres internationaux (en dehors du Canada et des \u00c9tats-Unis).<\/p>\n<p><b>B\u00e9n\u00e9fices aux membres<\/b><\/p>\n<ul>\n<li>Opportunit\u00e9s de r\u00e9seautage<\/li>\n<li>Opportunit\u00e9s de formation en ligne<\/li>\n<li>D\u00e9fense des int\u00e9r\u00eats et soutien des initiatives<\/li>\n<li>Participation \u00e0 la conf\u00e9rence annuelle et \u00e0 l\u2019assembl\u00e9e g\u00e9n\u00e9rale des membres<\/li>\n<li>Soutien pour la nouvelle revue en acc\u00e8s libre <a href=\"https:\/\/otessa.journals.uvic.ca\/\">Revue OTESSA<\/a><\/li>\n<\/ul>\n<p><b>Frais d&rsquo;adh\u00e9sion annuels (expiration 31 d\u00e9cembre, non remboursables)<\/b><\/p>\n<ul>\n<li>Tarif individuel r\u00e9gulier : $110.00 CAD<\/li>\n<li>Tarif individuel r\u00e9duit pour \u00e9tudiants \/ faibles revenus \/ retrait\u00e9s \/ enseignants secondaire, primaire, pr\u00e9scolaire \/ international : $50.00 CAD<\/li>\n<li>Tarif membre associatif : $500.00 CAD<\/li>\n<\/ul>\n<p><b>Remarque : <\/b>Toute personne qui d\u00e9sire pr\u00e9senter une communication dans le cadre de la conf\u00e9rence annuelle d\u2019OTESSA doit \u00eatre membre de l\u2019association pour l\u2019ann\u00e9e courante.<\/p>\n<p><b>R\u00e9seau d&rsquo;\u00e9tudiants aux cycles sup\u00e9rieurs<\/b><\/p>\n<p>OTESSA soutient les \u00e9tudiants aux cycles sup\u00e9rieurs dans leur d\u00e9veloppement acad\u00e9mique et leur pratique en enseignement. En devenant membre de l\u2019association, les \u00e9tudiants pourront aider \u00e0 d\u00e9velopper et participer au r\u00e9seau des \u00e9tudiants gradu\u00e9s d\u2019OTESSA.<\/p>    <\/div>\n<\/div>\n<!-- \/module text -->\t\t<\/div>\n\t\t\t\t\t\t<\/div>\n\t\t<\/div>\n\t\t\t\t\t\t<div  data-lazy=\"1\" class=\"module_row themify_builder_row tb_evcj635 tf_w\">\n\t\t\t\t\t\t<div class=\"row_inner col_align_top tb_col_count_1 tf_box tf_rel\">\n\t\t\t\t\t\t<div  data-lazy=\"1\" class=\"module_column tb-column col-full tb_0jnu636 first\">\n\t\t\t\t\t<!-- module buttons -->\n<div  class=\"module module-buttons tb_wak7641 buttons-horizontal solid  squared\" data-lazy=\"1\">\n\t\t<div class=\"module-buttons-item tf_in_flx\">\n\t\t\t\t\t\t<a href=\"http:\/\/otessa.org\/fr\/membership-form\/\" class=\"ui builder_button tf_in_flx tb_default_color\" >\n\t\t\t\t\t\t\t\t\t\t\t\tRemplir le formulaire pour devenir membre\t\t\t\t\t\t\t\t\t\t<\/a>\n\t\t\t\t<\/div>\n\t\t\t<\/div>\n<!-- \/module buttons -->\n\t\t<\/div>\n\t\t\t\t\t\t<\/div>\n\t\t<\/div>\n\t\t<\/div>\n<!--\/themify_builder_content-->","protected":false},"excerpt":{"rendered":"<p>Informations OTESSA invite les chercheurs, praticiens, professionnels et administrateurs de tous les ordres et secteurs d\u2019enseignement, ainsi que toute autre personne int\u00e9ress\u00e9e, \u00e0 se joindre \u00e0 l\u2019association en tant que membres individuels. En sus des tarifs pour les membres r\u00e9guliers, OTESSA charge des frais d\u2019adh\u00e9sion r\u00e9duits pour les \u00e9tudiants, enseignants du pr\u00e9scolaire, primaire et secondaire, [&hellip;]<\/p>\n","protected":false},"author":5,"featured_media":0,"parent":0,"menu_order":0,"comment_status":"closed","ping_status":"closed","template":"","meta":{"footnotes":""},"jetpack_sharing_enabled":true,"_links":{"self":[{"href":"https:\/\/otessa.org\/fr\/wp-json\/wp\/v2\/pages\/1112"}],"collection":[{"href":"https:\/\/otessa.org\/fr\/wp-json\/wp\/v2\/pages"}],"about":[{"href":"https:\/\/otessa.org\/fr\/wp-json\/wp\/v2\/types\/page"}],"author":[{"embeddable":true,"href":"https:\/\/otessa.org\/fr\/wp-json\/wp\/v2\/users\/5"}],"replies":[{"embeddable":true,"href":"https:\/\/otessa.org\/fr\/wp-json\/wp\/v2\/comments?post=1112"}],"version-history":[{"count":15,"href":"https:\/\/otessa.org\/fr\/wp-json\/wp\/v2\/pages\/1112\/revisions"}],"predecessor-version":[{"id":1579,"href":"https:\/\/otessa.org\/fr\/wp-json\/wp\/v2\/pages\/1112\/revisions\/1579"}],"wp:attachment":[{"href":"https:\/\/otessa.org\/fr\/wp-json\/wp\/v2\/media?parent=1112"}],"curies":[{"name":"wp","href":"https:\/\/api.w.org\/{rel}","templated":true}]}}