{"id":1119,"date":"2020-05-30T14:45:08","date_gmt":"2020-05-30T21:45:08","guid":{"rendered":"http:\/\/otessa.org\/fr\/?page_id=1119"},"modified":"2022-02-02T22:08:56","modified_gmt":"2022-02-03T06:08:56","slug":"membership-form","status":"publish","type":"page","link":"https:\/\/otessa.org\/fr\/membership-form\/","title":{"rendered":"Formulaire d&rsquo;adh\u00e9sion"},"content":{"rendered":"<p>Note : Si vous d\u00e9sirez renouveler votre adh\u00e9sion et que vous avez d\u00e9j\u00e0 compl\u00e9t\u00e9 le formulaire ci-dessous pr\u00e9c\u00e9demment, vous pouvez <a href=\"https:\/\/otessa.org\/fr\/memberpayment\">vous rendre directement au paiement de l&rsquo;adh\u00e9sion sur le portail Paypal. <\/a><\/p>\n<!--themify_builder_content-->\n<div id=\"themify_builder_content-1119\" data-postid=\"1119\" class=\"themify_builder_content themify_builder_content-1119 themify_builder tf_clear\">\n    \t\t\t\t<div  data-lazy=\"1\" class=\"module_row themify_builder_row tb_13eg765 tb_first tf_w\">\n\t\t\t\t\t\t<div class=\"row_inner col_align_top tb_col_count_2 tf_box tf_rel\">\n\t\t\t\t\t\t<div  data-lazy=\"1\" class=\"module_column tb-column col4-2 tb_je0d766 first\">\n\t\t\t\t\t<!-- module button pro -->\n<div  id=\"tb_pf3l252\" class=\"module module-button tb_pf3l252 button-link-external  light-blue\" data-lazy=\"1\">\n\t\n    <a  class=\"ui builder_button blue rounded\" href=\"https:\/\/surveys.otessa.org\/index.php\/446674?lang=fr\" target=\"_blank\">\n\t\t<span><svg  class=\"tf_fa tf-la-external-link-alt-solid\" aria-hidden=\"true\"><use href=\"#tf-la-external-link-alt-solid\"><\/use><\/svg><\/span> \t\t<span>Formulaire d\u2019adh\u00e9sion<\/span>\n    <\/a>\n\n\t\n\t<\/div>\n<!-- \/module button pro -->\n\t\t<\/div>\n\t\t\t\t\t<div  data-lazy=\"1\" class=\"module_column tb-column col4-2 tb_uavw46 last\">\n\t\t\t\t\t<!-- module button pro -->\n<div  id=\"tb_zv82736\" class=\"module module-button tb_zv82736 button-link-external  light-green\" data-lazy=\"1\">\n\t\n    <a  class=\"ui builder_button green rounded\" href=\"https:\/\/surveys.otessa.org\/index.php\/965189?lang=fr\" target=\"_blank\">\n\t\t<span><svg  class=\"tf_fa tf-la-external-link-alt-solid\" aria-hidden=\"true\"><use href=\"#tf-la-external-link-alt-solid\"><\/use><\/svg><\/span> \t\t<span>Formulaire d'adh\u00e9sion \u00e0 l'association<\/span>\n    <\/a>\n\n\t\n\t<\/div>\n<!-- \/module button pro -->\n\t\t<\/div>\n\t\t\t\t\t\t<\/div>\n\t\t<\/div>\n\t\t<\/div>\n<!--\/themify_builder_content-->","protected":false},"excerpt":{"rendered":"<p>Note : Si vous d\u00e9sirez renouveler votre adh\u00e9sion et que vous avez d\u00e9j\u00e0 compl\u00e9t\u00e9 le formulaire ci-dessous pr\u00e9c\u00e9demment, vous pouvez vous rendre directement au paiement de l&rsquo;adh\u00e9sion sur le portail Paypal. Formulaire d\u2019adh\u00e9sion Formulaire d&rsquo;adh\u00e9sion \u00e0 l&rsquo;association<\/p>\n","protected":false},"author":5,"featured_media":0,"parent":0,"menu_order":0,"comment_status":"closed","ping_status":"closed","template":"","meta":{"footnotes":""},"jetpack_sharing_enabled":true,"_links":{"self":[{"href":"https:\/\/otessa.org\/fr\/wp-json\/wp\/v2\/pages\/1119"}],"collection":[{"href":"https:\/\/otessa.org\/fr\/wp-json\/wp\/v2\/pages"}],"about":[{"href":"https:\/\/otessa.org\/fr\/wp-json\/wp\/v2\/types\/page"}],"author":[{"embeddable":true,"href":"https:\/\/otessa.org\/fr\/wp-json\/wp\/v2\/users\/5"}],"replies":[{"embeddable":true,"href":"https:\/\/otessa.org\/fr\/wp-json\/wp\/v2\/comments?post=1119"}],"version-history":[{"count":23,"href":"https:\/\/otessa.org\/fr\/wp-json\/wp\/v2\/pages\/1119\/revisions"}],"predecessor-version":[{"id":1853,"href":"https:\/\/otessa.org\/fr\/wp-json\/wp\/v2\/pages\/1119\/revisions\/1853"}],"wp:attachment":[{"href":"https:\/\/otessa.org\/fr\/wp-json\/wp\/v2\/media?parent=1119"}],"curies":[{"name":"wp","href":"https:\/\/api.w.org\/{rel}","templated":true}]}}