{"id":40,"date":"2021-10-07T10:40:20","date_gmt":"2021-10-07T17:40:20","guid":{"rendered":"https:\/\/themify.me\/demo\/themes\/ultra-education\/?page_id=24"},"modified":"2021-12-20T13:45:18","modified_gmt":"2021-12-20T21:45:18","slug":"apropos","status":"publish","type":"page","link":"https:\/\/otessa.org\/fr\/apropos\/","title":{"rendered":"\u00c0 propos"},"content":{"rendered":"<!--themify_builder_content-->\n<div id=\"themify_builder_content-40\" data-postid=\"40\" class=\"themify_builder_content themify_builder_content-40 themify_builder tf_clear\">\n    \t\t\t\t<div  data-css_id=\"cbebdb2\" data-lazy=\"1\" class=\"module_row themify_builder_row fullwidth_row_container tb_cbebdb2 tb_first tf_w\">\n\t\t\t<span class=\"builder_row_cover tf_abs\"><\/span>\t\t\t<div class=\"row_inner col_align_top tb_col_count_1 tf_box tf_rel\">\n\t\t\t\t\t\t<div  data-lazy=\"1\" class=\"module_column tb-column col-full tb_96903e4 first\">\n\t\t\t\t\t<!-- module text -->\n<div  class=\"module module-text tb_f11a781  repeat \" data-lazy=\"1\">\n\t    <div  class=\"tb_text_wrap\">\n\t\t    <\/div>\n<\/div>\n<!-- \/module text -->\t\t<\/div>\n\t\t\t\t\t\t<\/div>\n\t\t<\/div>\n\t\t\t\t\t\t<div  data-lazy=\"1\" class=\"module_row themify_builder_row tb_awn9826 tf_w\">\n\t\t\t\t\t\t<div class=\"row_inner col_align_top tb_col_count_1 tf_box tf_rel\">\n\t\t\t\t\t\t<div  data-lazy=\"1\" class=\"module_column tb-column col-full tb_w2un827 first\">\n\t\t\t\t\t<!-- module text -->\n<div  class=\"module module-text tb_d2jv200  repeat \" data-lazy=\"1\">\n\t    <div  class=\"tb_text_wrap\">\n\t\t<h2>\u00c0 propos<\/h2>    <\/div>\n<\/div>\n<!-- \/module text --><!-- module image -->\n<div  class=\"module module-image tb_1d88f18 image-left   tf_mw\" data-lazy=\"1\">\n        <div class=\"image-wrap tf_rel tf_mw\">\n\t\t    <img loading=\"lazy\" decoding=\"async\" src=\"https:\/\/i0.wp.com\/otessa.org\/fr\/wp-content\/uploads\/2019\/08\/otessa-logo-CS6.png?resize=276%2C80\" width=\"276\" height=\"80\" alt=\"L&#039;association pour Ouverture et les Technologies en \u00c9ducation, dans la Soci\u00e9t\u00e9 et pour l&#039;avancement des Savoirs (OTESSA) est une association \u00e0 but non lucratif cr\u00e9\u00e9e en juin 2019, qui vise le d\u00e9veloppement d\u2019une communaut\u00e9 pour stimuler l\u2019innovation, la recherche et la pratique en lien avec les technologies ou les ressources \u00e9ducatives libres en \u00e9ducation et, plus largement, dans la soci\u00e9t\u00e9.\" data-recalc-dims=\"1\">\t\n\t\t<\/div>\n\t<!-- \/image-wrap -->\n    \n    \t<div class=\"image-content\">\n\t    \t    \t\t<div class=\"image-caption tb_text_wrap\">\n\t\t    L&rsquo;association pour Ouverture et les Technologies en \u00c9ducation, dans la Soci\u00e9t\u00e9 et pour l&rsquo;avancement des Savoirs (OTESSA) est une association \u00e0 but non lucratif cr\u00e9\u00e9e en juin 2019, qui vise le d\u00e9veloppement d\u2019une communaut\u00e9 pour stimuler l\u2019innovation, la recherche et la pratique en lien avec les technologies ou les ressources \u00e9ducatives libres en \u00e9ducation et, plus largement, dans la soci\u00e9t\u00e9.\t    <\/div>\n\t    <!-- \/image-caption -->\n\t    \t<\/div>\n\t<!-- \/image-content -->\n    \t<\/div>\n<!-- \/module image -->\t\t<\/div>\n\t\t\t\t\t\t<\/div>\n\t\t<\/div>\n\t\t\t\t\t\t<div  data-lazy=\"1\" class=\"module_row themify_builder_row tb_916f37d tf_w\">\n\t\t\t\t\t\t<div class=\"row_inner col_align_top tb_col_count_2 tf_box tf_rel\">\n\t\t\t\t\t\t<div  data-lazy=\"1\" class=\"module_column tb-column col4-2 tb_9dfc43f first\">\n\t\t\t\t\t<!-- module text -->\n<div  class=\"module module-text tb_lqnp302  repeat \" data-lazy=\"1\">\n\t    <div  class=\"tb_text_wrap\">\n\t\t<h3>Notre Vision<\/h3>\n<p>OTESSA est une association qui vise \u00e0 soutenir et \u00e0 partager le d\u00e9veloppement de nouvelles connaissances issues de recherches scientifiques, professionnelles et d\u2019innovations dans la pratique relatives \u00e0 l\u2019int\u00e9gration des technologies ou de ressources \u00e9ducatives libres dans tous les milieux scolaires (pr\u00e9scolaire, primaire, secondaire et postsecondaire), ainsi que dans d\u2019autres milieux pertinents o\u00f9 les apprentissages et les partages de connaissances sont mis de l\u2019avant.<\/p>    <\/div>\n<\/div>\n<!-- \/module text --><!-- module text -->\n<div  class=\"module module-text tb_lrat640  repeat \" data-lazy=\"1\">\n\t    <div  class=\"tb_text_wrap\">\n\t\t<h3>Notre Mission<\/h3>\n<p>OTESSA soutient le r\u00e9seautage entre les chercheurs, praticiens, \u00e9tudiants, professionnels et administrateurs \u00e0 tous les ordres d\u2019enseignement, au Canada et \u00e0 l\u2019international, avec pour objectifs d\u2019\u00e9tablir et de soutenir des relations professionnelles, des collaborations et des partenariats, d\u2019intensifier des discussions, de partager des ressources et d\u2019encourager les innovations. OTESSA soutient le d\u00e9veloppement de la recherche et de la pratique, promeut les opportunit\u00e9s de recherche et favorise la diss\u00e9mination des r\u00e9sultats de recherche dans la pratique. Nous nous effor\u00e7ons d&rsquo;informer les politiques et les pratiques aux niveaux r\u00e9gional, provincial, national et international.<\/p>    <\/div>\n<\/div>\n<!-- \/module text -->\t\t<\/div>\n\t\t\t\t\t<div  data-lazy=\"1\" class=\"module_column tb-column col4-2 tb_8c03b4b last\">\n\t\t\t\t\t<!-- module box -->\n<div  class=\"module module-box tb_kzaz329 \" data-lazy=\"1\">\n    <div class=\"module-box-content ui  tb_default_color\">\n\t\t\t\t<div class=\"tb_text_wrap\"><h6>OTESSA est fi\u00e8re d\u2019\u00eatre membre de la <a href=\"https:\/\/www.federationhss.ca\/fr\/propos\/propos-de-la-federation\">F\u00e9d\u00e9ration des Sciences Humaines<\/a>.<\/h6>\n<h6>La F\u00e9d\u00e9ration des Sciences Humaines promeut la recherche et l\u2019enseignement pour l\u2019avancement d\u2019une soci\u00e9t\u00e9 inclusive, d\u00e9mocratique et prosp\u00e8re. Comptant maintenant plus de 160 universit\u00e9s, coll\u00e8ges et associations dans ses membres, la F\u00e9d\u00e9ration repr\u00e9sente une communaut\u00e9 diversifi\u00e9e de 91\u00a0000 chercheurs et \u00e9tudiants aux cycles sup\u00e9rieurs \u00e0 travers le Canada. La F\u00e9d\u00e9ration organise aussi le plus grand rassemblement universitaire du Canada, le Congr\u00e8s des Sciences Humaines et Sociales, qui r\u00e9unit chaque ann\u00e9e plus de 8\u00a0000 participants.<\/h6><\/div>\n    <\/div>\n<\/div>\n<!-- \/module box -->\n\t\t<\/div>\n\t\t\t\t\t\t<\/div>\n\t\t<\/div>\n\t\t\t\t\t\t<div  data-css_id=\"6f50887\" data-lazy=\"1\" class=\"module_row themify_builder_row fullwidth tb_6f50887 tf_w\">\n\t\t\t\t\t\t<div class=\"row_inner col_align_top tb_col_count_1 tf_box tf_rel\">\n\t\t\t\t\t\t<div  data-lazy=\"1\" class=\"module_column tb-column col-full tb_6e1de00 first\">\n\t\t\t\t\t<!-- module fancy heading -->\n<div  class=\"module module-fancy-heading tb_2o3s2 \" data-lazy=\"1\">\n\t    <h1 class=\"fancy-heading tf_textc\">\n    <span class=\"main-head tf_block\">\n\t\t\t\t\t\u00c9quit\u00e9, diversit\u00e9 et inclusion\t\t    <\/span>\n\n\t\n    <span class=\"sub-head tf_block tf_rel\">\n\t\t\t\t\t\t\t    <\/span>\n    <\/h1>\n<\/div>\n<!-- \/module fancy heading -->\n<!-- module text -->\n<div  class=\"module module-text tb_ruq2574  repeat \" data-lazy=\"1\">\n\t    <div  class=\"tb_text_wrap\">\n\t\t<p><strong>OTESSA valorise la diversit\u00e9 et s&rsquo;efforce d\u2019appliquer des politiques et des pratiques inclusives et \u00e9quitables. De nombreux syst\u00e8mes existants accordent des privil\u00e8ges et des acc\u00e8s de mani\u00e8re in\u00e9gale, alors que l&rsquo;\u00e9quit\u00e9 est essentielle \u00e0 une soci\u00e9t\u00e9 forte et inclusive. Une communaut\u00e9 plus diversifi\u00e9e de chercheurs et de professionnels rend notre travail plus fort et plus inclusif. Nous encourageons les personnes qui ne sont pas actuellement repr\u00e9sent\u00e9es au sein de notre conseil d&rsquo;administration ou de nos comit\u00e9s \u00e0 nous contacter pour exprimer leur int\u00e9r\u00eat \u00e0 rejoindre notre \u00e9quipe. Nous souhaitons obtenir une vaste repr\u00e9sentation de personnes en termes de r\u00e9gions g\u00e9ographiques ou linguistiques (francophones et anglophones), d\u2019inclusion des autochtones, des minorit\u00e9s visibles, des personnes handicap\u00e9es ou d&rsquo;inclusion de genres et des LGBTQ2IA.<\/strong><\/p>    <\/div>\n<\/div>\n<!-- \/module text -->\t\t<\/div>\n\t\t\t\t\t\t<\/div>\n\t\t<\/div>\n\t\t<\/div>\n<!--\/themify_builder_content-->","protected":false},"excerpt":{"rendered":"<p>\u00c0 propos L&rsquo;association pour Ouverture et les Technologies en \u00c9ducation, dans la Soci\u00e9t\u00e9 et pour l&rsquo;avancement des Savoirs (OTESSA) est une association \u00e0 but non lucratif cr\u00e9\u00e9e en juin 2019, qui vise le d\u00e9veloppement d\u2019une communaut\u00e9 pour stimuler l\u2019innovation, la recherche et la pratique en lien avec les technologies ou les ressources \u00e9ducatives libres en [&hellip;]<\/p>\n","protected":false},"author":2,"featured_media":0,"parent":0,"menu_order":0,"comment_status":"closed","ping_status":"closed","template":"","meta":{"footnotes":""},"jetpack_sharing_enabled":true,"_links":{"self":[{"href":"https:\/\/otessa.org\/fr\/wp-json\/wp\/v2\/pages\/40"}],"collection":[{"href":"https:\/\/otessa.org\/fr\/wp-json\/wp\/v2\/pages"}],"about":[{"href":"https:\/\/otessa.org\/fr\/wp-json\/wp\/v2\/types\/page"}],"author":[{"embeddable":true,"href":"https:\/\/otessa.org\/fr\/wp-json\/wp\/v2\/users\/2"}],"replies":[{"embeddable":true,"href":"https:\/\/otessa.org\/fr\/wp-json\/wp\/v2\/comments?post=40"}],"version-history":[{"count":101,"href":"https:\/\/otessa.org\/fr\/wp-json\/wp\/v2\/pages\/40\/revisions"}],"predecessor-version":[{"id":1805,"href":"https:\/\/otessa.org\/fr\/wp-json\/wp\/v2\/pages\/40\/revisions\/1805"}],"wp:attachment":[{"href":"https:\/\/otessa.org\/fr\/wp-json\/wp\/v2\/media?parent=40"}],"curies":[{"name":"wp","href":"https:\/\/api.w.org\/{rel}","templated":true}]}}