{"id":45,"date":"2018-08-06T06:25:24","date_gmt":"2018-08-06T06:25:24","guid":{"rendered":"https:\/\/themify.me\/demo\/themes\/ultra-education\/?page_id=6"},"modified":"2022-02-16T09:15:32","modified_gmt":"2022-02-16T17:15:32","slug":"home","status":"publish","type":"page","link":"https:\/\/otessa.org\/fr\/","title":{"rendered":"Accueil"},"content":{"rendered":"<!--themify_builder_content-->\n<div id=\"themify_builder_content-45\" data-postid=\"45\" class=\"themify_builder_content themify_builder_content-45 themify_builder tf_clear\">\n    \t\t\t\t<div  data-lazy=\"1\" class=\"module_row themify_builder_row tb_tjpz279 tb_first tf_w\">\n\t\t\t\t\t\t<div class=\"row_inner col_align_top tb_col_count_1 tf_box tf_rel\">\n\t\t\t\t\t\t<div  data-lazy=\"1\" class=\"module_column tb-column col-full tb_ln5g283 first\">\n\t\t\t\t\t<!-- module image -->\n<div  class=\"module module-image tb_utne316 image-center   tf_mw\" data-lazy=\"1\">\n        <div class=\"image-wrap tf_rel tf_mw\">\n\t\t    <img loading=\"lazy\" decoding=\"async\" src=\"https:\/\/i0.wp.com\/otessa.org\/fr\/wp-content\/uploads\/2019\/08\/otessa-logo-CS6.png?resize=276%2C80\" width=\"276\" height=\"80\" title=\"Accueil\" alt=\"Accueil\" data-recalc-dims=\"1\">\t\n\t\t<\/div>\n\t<!-- \/image-wrap -->\n    \n    \t<\/div>\n<!-- \/module image --><!-- module fancy heading -->\n<div  class=\"module module-fancy-heading tb_73a6913  tb_hide_divider\" data-lazy=\"1\">\n\t    <h2 class=\"fancy-heading tf_textc\">\n    <span class=\"main-head tf_block\">\n\t\t\t\t\tOuverture\/Technologies en \u00c9ducation, dans la Soci\u00e9t\u00e9 et pour l'avancement des Savoirs\t\t    <\/span>\n\n\t\n    <span class=\"sub-head tf_block tf_rel\">\n\t\t\t\t\t\t\t    <\/span>\n    <\/h2>\n<\/div>\n<!-- \/module fancy heading -->\n\t\t<\/div>\n\t\t\t\t\t\t<\/div>\n\t\t<\/div>\n\t\t\t\t\t\t<div  data-css_id=\"3e45014\" data-lazy=\"1\" class=\"module_row themify_builder_row fullwidth_row_container tb_3e45014 tf_w\">\n\t\t\t<span class=\"builder_row_cover tf_abs\"><\/span>\t\t\t<div class=\"row_inner col_align_top tb_col_count_1 tf_box tf_rel\">\n\t\t\t\t\t\t<div  data-lazy=\"1\" class=\"module_column tb-column col-full tb_243b3fa first\">\n\t\t\t\t\t<!-- module button pro -->\n<div  id=\"tb_lj6w476\" class=\"module module-button tb_lj6w476 button-link-external  light-green\" data-lazy=\"1\">\n\t\n    <a  class=\"ui builder_button green rounded\" href=\"https:\/\/otessa.org\/fr\/membershipinfo\/\">\n\t\t\t\t<span>Joignez-vous \u00e0 nous!<\/span>\n    <\/a>\n\n\t\n\t<\/div>\n<!-- \/module button pro -->\n<!-- module text -->\n<div  class=\"module module-text tb_aesc246   \" data-lazy=\"1\">\n\t    <div  class=\"tb_text_wrap\">\n\t\t    <\/div>\n<\/div>\n<!-- \/module text -->\t\t<\/div>\n\t\t\t\t\t\t<\/div>\n\t\t<\/div>\n\t\t\t\t\t\t<div  data-css_id=\"0cd00b7\" data-lazy=\"1\" class=\"module_row themify_builder_row fullwidth_row_container tb_0cd00b7 tf_w\">\n\t\t\t<span class=\"builder_row_cover tf_abs\"><\/span>\t\t\t<div class=\"row_inner col_align_middle tb_col_count_1 tf_box tf_rel\">\n\t\t\t\t\t\t<div  data-lazy=\"1\" class=\"module_column tb-column col-full tb_989c269 first\">\n\t\t\t\t\t<!-- module fancy heading -->\n<div  class=\"module module-fancy-heading tb_8de5925 \" data-lazy=\"1\">\n\t    <h1 class=\"fancy-heading tf_textc\">\n    <span class=\"main-head tf_block\">\n\t\t\t\t\t#OTESSA22\t\t    <\/span>\n\n\t\n    <span class=\"sub-head tf_block tf_rel\">\n\t\t\t\t\tAppel \u00e0 communications\t\t    <\/span>\n    <\/h1>\n<\/div>\n<!-- \/module fancy heading -->\n<!-- module buttons -->\n<div  class=\"module module-buttons tb_aqj3316 buttons-horizontal solid  xlarge circle\" data-lazy=\"1\">\n\t\t<div class=\"module-buttons-item tf_in_flx\">\n\t\t\t\t\t\t<a href=\"https:\/\/otessa.org\/fr\" class=\"ui builder_button tf_in_flx purple\" target=\"_blank\" rel=\"noopener\">\n\t\t\t\t\t\t\t\t\t<em><svg  class=\"tf_fa tf-ti-flag\" aria-hidden=\"true\"><use href=\"#tf-ti-flag\"><\/use><\/svg><\/em>\t\t\t\t\t\t\t\t\t\tDate limite (extension) : 15 f\u00e9vrier 2022\t\t\t\t\t\t\t\t\t\t<\/a>\n\t\t\t\t<\/div>\n\t\t\t<\/div>\n<!-- \/module buttons -->\n\t\t<\/div>\n\t\t\t\t\t\t<\/div>\n\t\t<\/div>\n\t\t\t\t\t\t<div  data-lazy=\"1\" class=\"module_row themify_builder_row tb_dc763bb tf_w\">\n\t\t\t\t\t\t<div class=\"row_inner col_align_top tb_col_count_1 tf_box tf_rel\">\n\t\t\t\t\t\t<div  data-lazy=\"1\" class=\"module_column tb-column col-full tb_ebf377d first\">\n\t\t\t\t\t<!-- module text -->\n<div  class=\"module module-text tb_26c11d1  repeat \" data-lazy=\"1\">\n\t    <div  class=\"tb_text_wrap\">\n\t\t<h2>Nouvelles<\/h2>    <\/div>\n<\/div>\n<!-- \/module text --><!-- module post -->\n<div  class=\"module module-post tb_18a309a \">\n    <div  class=\"builder-posts-wrap loops-wrapper list-large-image classic tf_clear tf_clearfix\" data-lazy=\"1\">\n\t<article id=\"post-1791\" class=\"post tf_clearfix post-1791 type-post status-publish format-standard has-post-thumbnail hentry category-news has-post-title has-post-date has-post-category has-post-tag has-post-comment has-post-author \">\n\t    \n\t\t\t\t\t<figure class=\"post-image tf_clearfix\">\n\t\t\t\t\t\t\t\t\t\t\t\t\t\t\t<a href=\"https:\/\/otessa.org\/fr\/news\/otessa22-submission-deadline-extended-to-january-15\/\">\n\t\t\t\t\t\t\t\t\t\t<img loading=\"lazy\" decoding=\"async\" src=\"https:\/\/i0.wp.com\/otessa.org\/fr\/files\/2021\/12\/age-barros-rBPOfVqROzY-unsplash-scaled-1.jpeg?resize=360%2C360&#038;ssl=1\" width=\"360\" height=\"360\" class=\"wp-post-image wp-image-1795\" title=\"age-barros-rBPOfVqROzY-unsplash-scaled\" alt=\"age-barros-rBPOfVqROzY-unsplash-scaled\" srcset=\"https:\/\/i0.wp.com\/otessa.org\/fr\/files\/2021\/12\/age-barros-rBPOfVqROzY-unsplash-scaled-1.jpeg?resize=360%2C360&amp;ssl=1 360w, https:\/\/i0.wp.com\/otessa.org\/fr\/files\/2021\/12\/age-barros-rBPOfVqROzY-unsplash-scaled-1.jpeg?resize=150%2C150&amp;ssl=1 150w, https:\/\/i0.wp.com\/otessa.org\/fr\/files\/2021\/12\/age-barros-rBPOfVqROzY-unsplash-scaled-1.jpeg?zoom=2&amp;resize=360%2C360&amp;ssl=1 720w, https:\/\/i0.wp.com\/otessa.org\/fr\/files\/2021\/12\/age-barros-rBPOfVqROzY-unsplash-scaled-1.jpeg?zoom=3&amp;resize=360%2C360&amp;ssl=1 1080w\" sizes=\"(max-width: 360px) 100vw, 360px\" data-recalc-dims=\"1\" \/>\t\t\t\t\t\t\t\t\t\t\t\t\t\t\t\t\t<\/a>\n\t\t\t\t\t\t\t\t\t\t\t\t\t\t\t\t<\/figure>\n\t\t\t\t\t\t<div class=\"post-content\">\n\t\t<div class=\"post-content-inner\">\n\n\t\t\t\t\t\t\t\t<div class=\"post-date-wrap post-date-inline\">\n\t\t<time class=\"post-date entry-date updated\" datetime=\"2021-12-16\">\n\t\t\t\t\t<span class=\"year\">d\u00e9cembre 16, 2021<\/span>\n\t\t\t\t<\/time>\n\t<\/div><!-- .post-date-wrap -->\n\t\t\t\t\n\t\t\t<h2 class=\"post-title entry-title\"><a href=\"https:\/\/otessa.org\/fr\/news\/otessa22-submission-deadline-extended-to-january-15\/\">#OTESSA22 Date limite de soumission *\u00c9TENDUE* jusqu&rsquo;au 15 janvier 2022<\/a><\/h2>\n\t\t\t\n\t\t\t\n\t\t\t\t\t<div class=\"entry-content\">\n\n\t\t\n\t\t\t<p>Nous avons re\u00e7u un certain nombre de demandes \u00e0 \u00e9tendre l&rsquo;appel \u00e0 propositions de communications pour notre prochaine conf\u00e9rence jusqu&rsquo;en janvier. Pour mieux vous soutenir, la date limite pour les propositions de communications est maintenant le samedi 15 janvier 2022. Notez que les propositions sont seulement de 500 mots au maximum [\u2026]<\/p>\n\n\t\t\t\t\n\t\t\t\t\t<p><a href=\"https:\/\/otessa.org\/fr\/news\/otessa22-submission-deadline-extended-to-january-15\/\" class=\"more-link\">More<\/a><\/p>\n\n\t\t\t\n\t\t\t\n\t\t<\/div><!-- \/.entry-content -->\n\t\t\n\t\t<\/div>\n\t\t<!-- \/.post-content-inner -->\n\t<\/div>\n\t<!-- \/.post-content -->\n\t\n<\/article>\n<!-- \/.post -->\n<article id=\"post-1720\" class=\"post tf_clearfix post-1720 type-post status-publish format-standard has-post-thumbnail hentry category-news has-post-title has-post-date has-post-category has-post-tag has-post-comment has-post-author \">\n\t    \n\t\t\t\t\t<figure class=\"post-image tf_clearfix\">\n\t\t\t\t\t\t\t\t\t\t\t\t\t\t\t<a href=\"https:\/\/otessa.org\/fr\/news\/speaker-suggestions\/\">\n\t\t\t\t\t\t\t\t\t\t<img loading=\"lazy\" decoding=\"async\" src=\"https:\/\/i0.wp.com\/otessa.org\/fr\/files\/2021\/11\/anton-maksimov-juvnsky-wrkNQmhmdvY-unsplash-scaled-1.jpeg?resize=360%2C360&#038;ssl=1\" width=\"360\" height=\"360\" class=\"wp-post-image wp-image-1727\" title=\"anton-maksimov-juvnsky-wrkNQmhmdvY-unsplash-scaled\" alt=\"anton-maksimov-juvnsky-wrkNQmhmdvY-unsplash-scaled\" srcset=\"https:\/\/i0.wp.com\/otessa.org\/fr\/files\/2021\/11\/anton-maksimov-juvnsky-wrkNQmhmdvY-unsplash-scaled-1.jpeg?w=360&amp;ssl=1 360w, https:\/\/i0.wp.com\/otessa.org\/fr\/files\/2021\/11\/anton-maksimov-juvnsky-wrkNQmhmdvY-unsplash-scaled-1.jpeg?resize=300%2C300&amp;ssl=1 300w, https:\/\/i0.wp.com\/otessa.org\/fr\/files\/2021\/11\/anton-maksimov-juvnsky-wrkNQmhmdvY-unsplash-scaled-1.jpeg?resize=150%2C150&amp;ssl=1 150w\" sizes=\"(max-width: 360px) 100vw, 360px\" data-recalc-dims=\"1\" \/>\t\t\t\t\t\t\t\t\t\t\t\t\t\t\t\t\t<\/a>\n\t\t\t\t\t\t\t\t\t\t\t\t\t\t\t\t<\/figure>\n\t\t\t\t\t\t<div class=\"post-content\">\n\t\t<div class=\"post-content-inner\">\n\n\t\t\t\t\t\t\t\t<div class=\"post-date-wrap post-date-inline\">\n\t\t<time class=\"post-date entry-date updated\" datetime=\"2021-11-15\">\n\t\t\t\t\t<span class=\"year\">novembre 15, 2021<\/span>\n\t\t\t\t<\/time>\n\t<\/div><!-- .post-date-wrap -->\n\t\t\t\t\n\t\t\t<h2 class=\"post-title entry-title\"><a href=\"https:\/\/otessa.org\/fr\/news\/speaker-suggestions\/\">Speaker Suggestions<\/a><\/h2>\n\t\t\t\n\t\t\t\n\t\t\t\t\t<div class=\"entry-content\">\n\n\t\t\n\t\t\t<p>Nous vous invitons \u00e0 sugg\u00e9rer des noms de conf\u00e9renciers principaux et invit\u00e9s que vous aimeriez retrouver \u00e0 la conf\u00e9rence OTESSA 2022! Remplissez le formulaire ci-dessous autant de fois que vous le souhaitez. Merci pour vos suggestions!<\/p>\n\n\t\t\t\t\n\t\t\t\t\t<p><a href=\"https:\/\/otessa.org\/fr\/news\/speaker-suggestions\/\" class=\"more-link\">More<\/a><\/p>\n\n\t\t\t\n\t\t\t\n\t\t<\/div><!-- \/.entry-content -->\n\t\t\n\t\t<\/div>\n\t\t<!-- \/.post-content-inner -->\n\t<\/div>\n\t<!-- \/.post-content -->\n\t\n<\/article>\n<!-- \/.post -->\n<article id=\"post-1693\" class=\"post tf_clearfix post-1693 type-post status-publish format-standard has-post-thumbnail hentry category-call-for-proposals category-news tag-otessa-conference has-post-title has-post-date has-post-category has-post-tag has-post-comment has-post-author \">\n\t    \n\t\t\t\t\t<figure class=\"post-image tf_clearfix\">\n\t\t\t\t\t\t\t\t\t\t\t\t\t\t\t<a href=\"https:\/\/otessa.org\/fr\/news\/otessa22-appel-a-propositions-date-limite-15-decembre\/\">\n\t\t\t\t\t\t\t\t\t\t<img loading=\"lazy\" decoding=\"async\" src=\"https:\/\/i0.wp.com\/otessa.org\/fr\/files\/2021\/11\/patrick-fore-5YU0uZh43Bk-unsplash-scaled.jpg?resize=360%2C360&#038;ssl=1\" width=\"360\" height=\"360\" class=\"wp-post-image wp-image-1703\" title=\"patrick-fore-5YU0uZh43Bk-unsplash\" alt=\"silhouette d&#039;une personne qui fait une annonce dans un grand microphone\" srcset=\"https:\/\/i0.wp.com\/otessa.org\/fr\/files\/2021\/11\/patrick-fore-5YU0uZh43Bk-unsplash-scaled.jpg?resize=360%2C360&amp;ssl=1 360w, https:\/\/i0.wp.com\/otessa.org\/fr\/files\/2021\/11\/patrick-fore-5YU0uZh43Bk-unsplash-scaled.jpg?resize=150%2C150&amp;ssl=1 150w, https:\/\/i0.wp.com\/otessa.org\/fr\/files\/2021\/11\/patrick-fore-5YU0uZh43Bk-unsplash-scaled.jpg?zoom=2&amp;resize=360%2C360&amp;ssl=1 720w, https:\/\/i0.wp.com\/otessa.org\/fr\/files\/2021\/11\/patrick-fore-5YU0uZh43Bk-unsplash-scaled.jpg?zoom=3&amp;resize=360%2C360&amp;ssl=1 1080w\" sizes=\"(max-width: 360px) 100vw, 360px\" data-recalc-dims=\"1\" \/>\t\t\t\t\t\t\t\t\t\t\t\t\t\t\t\t\t<\/a>\n\t\t\t\t\t\t\t\t\t\t\t\t\t\t\t\t<\/figure>\n\t\t\t\t\t\t<div class=\"post-content\">\n\t\t<div class=\"post-content-inner\">\n\n\t\t\t\t\t\t\t\t<div class=\"post-date-wrap post-date-inline\">\n\t\t<time class=\"post-date entry-date updated\" datetime=\"2021-11-04\">\n\t\t\t\t\t<span class=\"year\">novembre 4, 2021<\/span>\n\t\t\t\t<\/time>\n\t<\/div><!-- .post-date-wrap -->\n\t\t\t\t\n\t\t\t<h2 class=\"post-title entry-title\"><a href=\"https:\/\/otessa.org\/fr\/news\/otessa22-appel-a-propositions-date-limite-15-decembre\/\">#OTESSA22 Appel \u00e0 propositions (date limite 15 d\u00e9cembre)<\/a><\/h2>\n\t\t\t\n\t\t\t\n\t\t\t\t\t<div class=\"entry-content\">\n\n\t\t\n\t\t\t<p>L\u2019association OTESSA est heureuse de vous annoncer l\u2019appel \u00e0 propositions pour sa conf\u00e9rence annuelle #OTESSA2022 (en ligne), qui sera copr\u00e9sid\u00e9e par Aras Bozkurt (Universit\u00e9 Anadolu, Turquie), Terry Greene (Universit\u00e9 Trent, Canada) et Kathy Snow (Universit\u00e9 de l\u2019\u00eele-du-Prince-\u00c9douard, Canada). OTESSA 2022 aura lieu du 16 au 19 mai 2022 dans le cadre du Congr\u00e8s de la F\u00e9d\u00e9ration des Sciences Humaines. [\u2026]<\/p>\n\n\t\t\t\t\n\t\t\t\t\t<p><a href=\"https:\/\/otessa.org\/fr\/news\/otessa22-appel-a-propositions-date-limite-15-decembre\/\" class=\"more-link\">More<\/a><\/p>\n\n\t\t\t\n\t\t\t\n\t\t<\/div><!-- \/.entry-content -->\n\t\t\n\t\t<\/div>\n\t\t<!-- \/.post-content-inner -->\n\t<\/div>\n\t<!-- \/.post-content -->\n\t\n<\/article>\n<!-- \/.post -->\n<article id=\"post-1634\" class=\"post tf_clearfix post-1634 type-post status-publish format-standard has-post-thumbnail hentry category-news has-post-title has-post-date has-post-category has-post-tag has-post-comment has-post-author \">\n\t    \n\t\t\t\t\t<figure class=\"post-image tf_clearfix\">\n\t\t\t\t\t\t\t\t\t\t\t\t\t\t\t<a href=\"https:\/\/otessa.org\/fr\/news\/postes-ouverts-a-combler\/\">\n\t\t\t\t\t\t\t\t\t\t<img loading=\"lazy\" decoding=\"async\" src=\"https:\/\/i0.wp.com\/otessa.org\/fr\/files\/2021\/10\/pexels-fauxels-3184418-1.jpg?resize=360%2C360&#038;ssl=1\" width=\"360\" height=\"360\" class=\"wp-post-image wp-image-1649\" title=\"pexels-fauxels-3184418 (1)\" alt=\"Mains qui se joignent au centre, pour repr\u00e9senter une \u00e9quipe\" srcset=\"https:\/\/i0.wp.com\/otessa.org\/fr\/files\/2021\/10\/pexels-fauxels-3184418-1.jpg?resize=360%2C360&amp;ssl=1 360w, https:\/\/i0.wp.com\/otessa.org\/fr\/files\/2021\/10\/pexels-fauxels-3184418-1.jpg?resize=150%2C150&amp;ssl=1 150w, https:\/\/i0.wp.com\/otessa.org\/fr\/files\/2021\/10\/pexels-fauxels-3184418-1.jpg?zoom=2&amp;resize=360%2C360&amp;ssl=1 720w, https:\/\/i0.wp.com\/otessa.org\/fr\/files\/2021\/10\/pexels-fauxels-3184418-1.jpg?zoom=3&amp;resize=360%2C360&amp;ssl=1 1080w\" sizes=\"(max-width: 360px) 100vw, 360px\" data-recalc-dims=\"1\" \/>\t\t\t\t\t\t\t\t\t\t\t\t\t\t\t\t\t<\/a>\n\t\t\t\t\t\t\t\t\t\t\t\t\t\t\t\t<\/figure>\n\t\t\t\t\t\t<div class=\"post-content\">\n\t\t<div class=\"post-content-inner\">\n\n\t\t\t\t\t\t\t\t<div class=\"post-date-wrap post-date-inline\">\n\t\t<time class=\"post-date entry-date updated\" datetime=\"2021-10-17\">\n\t\t\t\t\t<span class=\"year\">octobre 17, 2021<\/span>\n\t\t\t\t<\/time>\n\t<\/div><!-- .post-date-wrap -->\n\t\t\t\t\n\t\t\t<h2 class=\"post-title entry-title\"><a href=\"https:\/\/otessa.org\/fr\/news\/postes-ouverts-a-combler\/\">Postes ouverts, \u00e0 combler!<\/a><\/h2>\n\t\t\t\n\t\t\t\n\t\t\t\t\t<div class=\"entry-content\">\n\n\t\t\n\t\t\t<p>Nous sommes \u00e0 la recherche de volontaires pour combler plusieurs postes ouverts au sein de notre conseil d&rsquo;administration et de notre \u00e9quipe. Notez que ces personnes seront nomin\u00e9es par le conseil d\u2019administration dans un premier temps. Des \u00e9lections ont g\u00e9n\u00e9ralement lieu lors de l&rsquo;assembl\u00e9e g\u00e9n\u00e9rale annuelle des membres lors de la conf\u00e9rence, mais nos statuts [&hellip;]<\/p>\n\n\t\t\t\t\n\t\t\t\t\t<p><a href=\"https:\/\/otessa.org\/fr\/news\/postes-ouverts-a-combler\/\" class=\"more-link\">More<\/a><\/p>\n\n\t\t\t\n\t\t\t\n\t\t<\/div><!-- \/.entry-content -->\n\t\t\n\t\t<\/div>\n\t\t<!-- \/.post-content-inner -->\n\t<\/div>\n\t<!-- \/.post-content -->\n\t\n<\/article>\n<!-- \/.post -->\n\t<\/div><!-- .builder-posts-wrap -->\n\t\t\t\t\t\t\t\t<link rel=\"prefetch\" as=\"document\" href=\"https:\/\/otessa.org\/fr\/wp-json\/wp\/v2\/pages\/45\/page\/2\/\"\/><div class=\"pagenav tf_clear tf_box tf_textr tf_clearfix \"> <span class=\"number current\">1<\/span> <a href=\"https:\/\/otessa.org\/fr\/wp-json\/wp\/v2\/pages\/45\/page\/2\/\" class=\"number\">2<\/a> <a href=\"https:\/\/otessa.org\/fr\/wp-json\/wp\/v2\/pages\/45\/page\/3\/\" class=\"number\">3<\/a> <a href=\"https:\/\/otessa.org\/fr\/wp-json\/wp\/v2\/pages\/45\/page\/4\/\" class=\"number\">4<\/a><a href=\"https:\/\/otessa.org\/fr\/wp-json\/wp\/v2\/pages\/45\/page\/2\/\"  class=\"number nextp\">&rsaquo;<\/a><a href=\"https:\/\/otessa.org\/fr\/wp-json\/wp\/v2\/pages\/45\/page\/5\/\" title=\"&raquo;\" class=\"number lastp\">&raquo;<\/a><\/div>\t\t\t\t<\/div>\n<!-- \/module post -->\n\t\t\t<div  data-lazy=\"1\" class=\"module_subrow themify_builder_sub_row tf_w col_align_bottom tb_col_count_3 tb_d34d1fb\">\n\t\t\t\t<div  data-lazy=\"1\" class=\"module_column sub_column col3-1 tb_52e0d7f first\">\n\t\t\t\t\t\t\t<\/div>\n\t\t\t\t\t<div  data-lazy=\"1\" class=\"module_column sub_column col3-1 tb_732cb19\">\n\t\t\t\t\t\t\t<\/div>\n\t\t\t\t\t<div  data-lazy=\"1\" class=\"module_column sub_column col3-1 tb_eff09ba last\">\n\t\t\t\t\t\t\t<\/div>\n\t\t\t\t\t<\/div>\n\t\t\t\t<\/div>\n\t\t\t\t\t\t<\/div>\n\t\t<\/div>\n\t\t<\/div>\n<!--\/themify_builder_content-->","protected":false},"excerpt":{"rendered":"<p>Ouverture\/Technologies en \u00c9ducation, dans la Soci\u00e9t\u00e9 et pour l&rsquo;avancement des Savoirs Joignez-vous \u00e0 nous! #OTESSA22 Appel \u00e0 communications Date limite (extension) : 15 f\u00e9vrier 2022 Nouvelles Education View More Society View More Scholarship View More<\/p>\n","protected":false},"author":2,"featured_media":0,"parent":0,"menu_order":0,"comment_status":"closed","ping_status":"closed","template":"","meta":{"footnotes":""},"jetpack_sharing_enabled":true,"_links":{"self":[{"href":"https:\/\/otessa.org\/fr\/wp-json\/wp\/v2\/pages\/45"}],"collection":[{"href":"https:\/\/otessa.org\/fr\/wp-json\/wp\/v2\/pages"}],"about":[{"href":"https:\/\/otessa.org\/fr\/wp-json\/wp\/v2\/types\/page"}],"author":[{"embeddable":true,"href":"https:\/\/otessa.org\/fr\/wp-json\/wp\/v2\/users\/2"}],"replies":[{"embeddable":true,"href":"https:\/\/otessa.org\/fr\/wp-json\/wp\/v2\/comments?post=45"}],"version-history":[{"count":259,"href":"https:\/\/otessa.org\/fr\/wp-json\/wp\/v2\/pages\/45\/revisions"}],"predecessor-version":[{"id":1857,"href":"https:\/\/otessa.org\/fr\/wp-json\/wp\/v2\/pages\/45\/revisions\/1857"}],"wp:attachment":[{"href":"https:\/\/otessa.org\/fr\/wp-json\/wp\/v2\/media?parent=45"}],"curies":[{"name":"wp","href":"https:\/\/api.w.org\/{rel}","templated":true}]}}