{"id":711,"date":"2019-10-29T19:14:52","date_gmt":"2019-10-29T19:14:52","guid":{"rendered":"http:\/\/otessa.org\/fr\/?page_id=711"},"modified":"2022-01-28T10:41:02","modified_gmt":"2022-01-28T18:41:02","slug":"becoming-a-sponsor","status":"publish","type":"page","link":"https:\/\/otessa.org\/fr\/becoming-a-sponsor\/","title":{"rendered":"Devenir parrain de l&rsquo;association"},"content":{"rendered":"<p>&nbsp;<\/p>\n<p>&nbsp;<\/p>\n<!--themify_builder_content-->\n<div id=\"themify_builder_content-711\" data-postid=\"711\" class=\"themify_builder_content themify_builder_content-711 themify_builder tf_clear\">\n    \t\t\t\t<div  data-lazy=\"1\" class=\"module_row themify_builder_row tb_okfn568 tb_first tf_w\">\n\t\t\t\t\t\t<div class=\"row_inner col_align_top tb_col_count_1 tf_box tf_rel\">\n\t\t\t\t\t\t<div  data-lazy=\"1\" class=\"module_column tb-column col-full tb_ygu8568 first\">\n\t\t\t\t\t<!-- module text -->\n<div  class=\"module module-text tb_wwz526   \" data-lazy=\"1\">\n\t    <div  class=\"tb_text_wrap\">\n\t\t<h4><strong>Politique de parrainage<\/strong><\/h4>\n<p>Toutes les ententes de parrainage doivent \u00eatre approuv\u00e9s par le conseil d&rsquo;administration. Nous reconnaissons qu&rsquo;il est important de d\u00e9velopper une relation fructueuse. Les conditions exactes peuvent donc varier, auquel cas le conseil d&rsquo;administration doit approuver les variations de ce qui suit au cas par cas. Pour plus d&rsquo;informations, veuillez envoyer un courriel \u00e0 <a href=\"_wp_link_placeholder\" data-wplink-edit=\"true\">francophones@otessa.org<\/a><\/p>\n<h4><strong>Niveaux de parrainage<\/strong><\/h4>\n<p>(incluant l&rsquo;adh\u00e9sion de 500 $ \u00e0 l&rsquo;association, si elle est admissible en tant qu&rsquo;organisme \u00e0 but non lucratif)<\/p>\n<p><strong>Bienfaiteur <\/strong>&#8211; 10 000 $ et plus<\/p>\n<ul>\n<li>Parrainage d&rsquo;un repas. Inclut la projection de votre logo sur les \u00e9crans des conf\u00e9renciers pendant l&rsquo;\u00e9v\u00e9nement.<\/li>\n<li>Remerciements \u00e0 l&rsquo;ouverture et \u00e0 la cl\u00f4ture de la conf\u00e9rence.<\/li>\n<li>Nom du parrain mis de l\u2019avant sur une page d\u00e9di\u00e9e du site web, avec un hyperlien.<\/li>\n<li>Logo du parrain inclus dans les diapositives pr\u00e9c\u00e9dant chaque s\u00e9ance principale de conf\u00e9rence.<\/li>\n<li>Table d&rsquo;exposition dans la zone des exposants pendant toute la dur\u00e9e de la conf\u00e9rence.<\/li>\n<li>Possibilit\u00e9 de pr\u00e9senter une (1) s\u00e9ance de 25 minutes, \u00e0 approuver par le conseil d&rsquo;administration.<\/li>\n<li>5 inscriptions gratuites \u00e0 la conf\u00e9rence annuelle de l&rsquo;association OTESSA.<\/li>\n<\/ul>\n<p><strong>M\u00e9c\u00e8ne &#8211; 7\u00a0500 $<\/strong><\/p>\n<ul>\n<li>Parrainage d&rsquo;une r\u00e9ception. Inclut votre logo projet\u00e9 sur les \u00e9crans des conf\u00e9renciers pendant l&rsquo;\u00e9v\u00e9nement.<\/li>\n<li>Remerciements \u00e0 l&rsquo;ouverture et \u00e0 la cl\u00f4ture de la conf\u00e9rence.<\/li>\n<li>Nom du parrain sur une page d\u00e9di\u00e9e du site web, avec un hyperlien.<\/li>\n<li>Logo du parrain inclus dans les diapositives pr\u00e9c\u00e9dant chaque s\u00e9ance principale de conf\u00e9rence.<\/li>\n<li>Table d&rsquo;exposition dans la zone des exposants pendant toute la dur\u00e9e de la conf\u00e9rence.<\/li>\n<li>Possibilit\u00e9 de pr\u00e9senter une (1) session de 25 minutes.<\/li>\n<li>4 inscriptions gratuites \u00e0 la conf\u00e9rence annuelle de l&rsquo;association OTESSA.<\/li>\n<\/ul>\n<p><strong>D\u00e9fenseur &#8211; 5\u00a0000 $<\/strong><\/p>\n<ul>\n<li>Remerciements \u00e0 l&rsquo;ouverture et \u00e0 la cl\u00f4ture de la conf\u00e9rence<\/li>\n<li>Nom du parrain sur une page d\u00e9di\u00e9e du site web, avec un hyperlien.<\/li>\n<li>Table d&rsquo;exposition dans la zone des exposants pendant toute la dur\u00e9e de la conf\u00e9rence.<\/li>\n<li>3 inscriptions gratuites \u00e0 la conf\u00e9rence annuelle de l&rsquo;association OTESSA.<\/li>\n<\/ul>\n<p><strong>Partenaire &#8211; 3\u00a0500 $<\/strong><\/p>\n<ul>\n<li>Remerciements \u00e0 l&rsquo;ouverture et \u00e0 la cl\u00f4ture de la conf\u00e9rence<\/li>\n<li>Nom du parrain sur une page d\u00e9di\u00e9e du site web, avec un hyperlien.<\/li>\n<li>Table d&rsquo;exposition dans l&rsquo;espace r\u00e9serv\u00e9 aux exposants pendant toute la dur\u00e9e de la conf\u00e9rence<\/li>\n<li>2 inscriptions gratuites \u00e0 la conf\u00e9rence annuelle de l&rsquo;association OTESSA.<\/li>\n<\/ul>\n<p><strong>Ami &#8211; 1 500$<\/strong><\/p>\n<ul>\n<li>Remerciements \u00e0 l&rsquo;ouverture et \u00e0 la cl\u00f4ture de la conf\u00e9rence<\/li>\n<li>Nom du parrain sur une page d\u00e9di\u00e9e du site web, avec un hyperlien.<\/li>\n<li>Table d&rsquo;exposition dans la zone des exposants pendant toute la dur\u00e9e de la conf\u00e9rence<\/li>\n<li>1 inscription gratuite \u00e0 la conf\u00e9rence annuelle de l&rsquo;association OTESSA.<\/li>\n<\/ul>\n<p><strong>Exposant<\/strong><\/p>\n<p>Nous proposons \u00e9galement des options d&rsquo;exposition. Les parrains (sponsors) auront la possibilit\u00e9 d&rsquo;avoir une table d&rsquo;exposition dans le cadre de leur parrainage.<\/p>\n<p><strong>Exposant uniquement &#8211; 500 $<\/strong> pour une table d&rsquo;exposition<\/p>    <\/div>\n<\/div>\n<!-- \/module text -->\t\t<\/div>\n\t\t\t\t\t\t<\/div>\n\t\t<\/div>\n\t\t\t\t\t\t<div  data-lazy=\"1\" class=\"module_row themify_builder_row tb_449y128 tf_w\">\n\t\t\t\t\t\t<div class=\"row_inner col_align_top tb_col_count_1 tf_box tf_rel\">\n\t\t\t\t\t\t<div  data-lazy=\"1\" class=\"module_column tb-column col-full tb_dm9z129 first\">\n\t\t\t\t\t<!-- module buttons -->\n<div  class=\"module module-buttons tb_pjbb131 buttons-horizontal solid  rounded\" data-lazy=\"1\">\n\t\t<div class=\"module-buttons-item tf_in_flx\">\n\t\t\t\t\t\t<a href=\"https:\/\/otessa.org\/fr\/sponsor-form\/\" class=\"ui builder_button tf_in_flx blue\" >\n\t\t\t\t\t\t\t\t\t\t\t\tD\u00e9buter le formulaire pour devenir parrain de l'association\t\t\t\t\t\t\t\t\t\t<\/a>\n\t\t\t\t<\/div>\n\t\t\t<\/div>\n<!-- \/module buttons -->\n\t\t<\/div>\n\t\t\t\t\t\t<\/div>\n\t\t<\/div>\n\t\t<\/div>\n<!--\/themify_builder_content-->","protected":false},"excerpt":{"rendered":"<p>&nbsp; &nbsp; Politique de parrainage Toutes les ententes de parrainage doivent \u00eatre approuv\u00e9s par le conseil d&rsquo;administration. Nous reconnaissons qu&rsquo;il est important de d\u00e9velopper une relation fructueuse. Les conditions exactes peuvent donc varier, auquel cas le conseil d&rsquo;administration doit approuver les variations de ce qui suit au cas par cas. Pour plus d&rsquo;informations, veuillez envoyer [&hellip;]<\/p>\n","protected":false},"author":5,"featured_media":0,"parent":0,"menu_order":0,"comment_status":"closed","ping_status":"closed","template":"","meta":{"footnotes":""},"jetpack_sharing_enabled":true,"_links":{"self":[{"href":"https:\/\/otessa.org\/fr\/wp-json\/wp\/v2\/pages\/711"}],"collection":[{"href":"https:\/\/otessa.org\/fr\/wp-json\/wp\/v2\/pages"}],"about":[{"href":"https:\/\/otessa.org\/fr\/wp-json\/wp\/v2\/types\/page"}],"author":[{"embeddable":true,"href":"https:\/\/otessa.org\/fr\/wp-json\/wp\/v2\/users\/5"}],"replies":[{"embeddable":true,"href":"https:\/\/otessa.org\/fr\/wp-json\/wp\/v2\/comments?post=711"}],"version-history":[{"count":17,"href":"https:\/\/otessa.org\/fr\/wp-json\/wp\/v2\/pages\/711\/revisions"}],"predecessor-version":[{"id":1836,"href":"https:\/\/otessa.org\/fr\/wp-json\/wp\/v2\/pages\/711\/revisions\/1836"}],"wp:attachment":[{"href":"https:\/\/otessa.org\/fr\/wp-json\/wp\/v2\/media?parent=711"}],"curies":[{"name":"wp","href":"https:\/\/api.w.org\/{rel}","templated":true}]}}