{"id":735,"date":"2019-10-29T20:11:40","date_gmt":"2019-10-29T20:11:40","guid":{"rendered":"http:\/\/otessa.org\/fr\/?page_id=735"},"modified":"2022-05-15T16:18:13","modified_gmt":"2022-05-15T23:18:13","slug":"sponsors","status":"publish","type":"page","link":"https:\/\/otessa.org\/fr\/sponsors\/","title":{"rendered":"Parrains"},"content":{"rendered":"<p>Nos parrains (sponsors) jouent un r\u00f4le important pour notre association et ses \u00e9v\u00e9nements, ils nous permettent d&rsquo;atteindre de plus hauts objectifs et soutiennent notre communaut\u00e9 de telle fa\u00e7on que nous ne pourrions le faire sans eux. Apprenez-en plus \u00e0 propos des parrains exceptionnels de l&rsquo;association OTESSA en cliquant sur leur logo ci-dessous.<\/p>\n<p>Pour plus d&rsquo;information sur nos politiques de parrainage et <a href=\"https:\/\/otessa.org\/fr\/becoming-a-sponsor\/\">pour devenir un parrain de notre association<\/a>, visitez ce lien et contactez-nous \u00e0 <a href=\"mailto:francophones@otessa.org\">francophones@otessa.org<\/a>.<\/p>\n<!--themify_builder_content-->\n<div id=\"themify_builder_content-735\" data-postid=\"735\" class=\"themify_builder_content themify_builder_content-735 themify_builder tf_clear\">\n    \t\t\t\t<div  data-lazy=\"1\" class=\"module_row themify_builder_row tb_q4o4153 tb_first tf_w\">\n\t\t\t\t\t\t<div class=\"row_inner col_align_top tb_col_count_1 tf_box tf_rel\">\n\t\t\t\t\t\t<div  data-lazy=\"1\" class=\"module_column tb-column col-full tb_7mxt155 first\">\n\t\t\t\t\t<!-- module fancy heading -->\n<div  class=\"module module-fancy-heading tb_wmiz156  inline-fancy-heading tb_hide_divider\" data-lazy=\"1\">\n\t    <h1 class=\"fancy-heading tf_textl\">\n    <span class=\"main-head tf_inline_b\">\n\t\t\t\t\tD\u00e9fenseurs\t\t    <\/span>\n\n\t\n    <span class=\"sub-head tf_inline_b tf_rel\">\n\t\t\t\t\t\t\t    <\/span>\n    <\/h1>\n<\/div>\n<!-- \/module fancy heading -->\n\t\t<\/div>\n\t\t\t\t\t\t<\/div>\n\t\t<\/div>\n\t\t\t\t\t\t<div  data-lazy=\"1\" class=\"module_row themify_builder_row tb_in73153 tf_w\">\n\t\t\t\t\t\t<div class=\"row_inner col_auto_height col_align_middle tb_col_count_4 tf_box tf_rel\">\n\t\t\t\t\t\t<div  data-lazy=\"1\" class=\"module_column tb-column col4-1 tb_6vqv157 first\">\n\t\t\t\t\t<!-- module image -->\n<div  class=\"module module-image tb_070y158 image-top   tf_mw\" data-lazy=\"1\">\n        <div class=\"image-wrap tf_rel tf_mw\">\n\t\t    <a href=\"https:\/\/www.ecampusontario.ca\/\">\n\t\t   \t\t<img loading=\"lazy\" decoding=\"async\" src=\"https:\/\/i0.wp.com\/otessa.org\/wp-content\/uploads\/2019\/10\/ecampus-logo-RGB20170405-AUB.png?resize=500%2C126&#038;ssl=1\" width=\"500\" height=\"126\" title=\"Parrains\" alt=\"Parrains\" data-recalc-dims=\"1\">\t    <\/a>\n\t\n\t\t<\/div>\n\t<!-- \/image-wrap -->\n    \n    \t<\/div>\n<!-- \/module image -->\t\t<\/div>\n\t\t\t\t\t<div  data-lazy=\"1\" class=\"module_column tb-column col4-1 tb_pgnb158\">\n\t\t\t\t\t\t\t<\/div>\n\t\t\t\t\t<div  data-lazy=\"1\" class=\"module_column tb-column col4-1 tb_7eg3158\">\n\t\t\t\t\t\t\t<\/div>\n\t\t\t\t\t<div  data-lazy=\"1\" class=\"module_column tb-column col4-1 tb_sa8f158 last\">\n\t\t\t\t\t\t\t<\/div>\n\t\t\t\t\t\t<\/div>\n\t\t<\/div>\n\t\t\t\t\t\t<div  data-lazy=\"1\" class=\"module_row themify_builder_row tb_1vu8153 tf_w\">\n\t\t\t\t\t\t<div class=\"row_inner col_align_top tb_col_count_1 tf_box tf_rel\">\n\t\t\t\t\t\t<div  data-lazy=\"1\" class=\"module_column tb-column col-full tb_sn9p159 first\">\n\t\t\t\t\t<!-- module fancy heading -->\n<div  class=\"module module-fancy-heading tb_ec93159  inline-fancy-heading tb_hide_divider\" data-lazy=\"1\">\n\t    <h1 class=\"fancy-heading tf_textl\">\n    <span class=\"main-head tf_inline_b\">\n\t\t\t\t\tPartenaires\t\t    <\/span>\n\n\t\n    <span class=\"sub-head tf_inline_b tf_rel\">\n\t\t\t\t\t\t\t    <\/span>\n    <\/h1>\n<\/div>\n<!-- \/module fancy heading -->\n\t\t<\/div>\n\t\t\t\t\t\t<\/div>\n\t\t<\/div>\n\t\t\t\t\t\t<div  data-lazy=\"1\" class=\"module_row themify_builder_row tb_mufe153 tf_w\">\n\t\t\t\t\t\t<div class=\"row_inner col_auto_height col_align_middle tb_col_count_4 tf_box tf_rel\">\n\t\t\t\t\t\t<div  data-lazy=\"1\" class=\"module_column tb-column col4-1 tb_35ov160 first\">\n\t\t\t\t\t<!-- module image -->\n<div  class=\"module module-image tb_e9g8160 image-top   tf_mw\" data-lazy=\"1\">\n        <div class=\"image-wrap tf_rel tf_mw\">\n\t\t    <a href=\"https:\/\/www.ecampusontario.ca\/\">\n\t\t   \t\t<img loading=\"lazy\" decoding=\"async\" src=\"https:\/\/i0.wp.com\/otessa.org\/wp-content\/uploads\/2022\/02\/CampusMB_C_cmyk-Trans-Bckgrnd.png?resize=591%2C206&#038;ssl=1\" width=\"591\" height=\"206\" title=\"Parrains\" alt=\"Parrains\" data-recalc-dims=\"1\">\t    <\/a>\n\t\n\t\t<\/div>\n\t<!-- \/image-wrap -->\n    \n    \t<\/div>\n<!-- \/module image -->\t\t<\/div>\n\t\t\t\t\t<div  data-lazy=\"1\" class=\"module_column tb-column col4-1 tb_vtgg160\">\n\t\t\t\t\t\t\t<\/div>\n\t\t\t\t\t<div  data-lazy=\"1\" class=\"module_column tb-column col4-1 tb_xx9v160\">\n\t\t\t\t\t\t\t<\/div>\n\t\t\t\t\t<div  data-lazy=\"1\" class=\"module_column tb-column col4-1 tb_ev1e160 last\">\n\t\t\t\t\t\t\t<\/div>\n\t\t\t\t\t\t<\/div>\n\t\t<\/div>\n\t\t\t\t\t\t<div  data-lazy=\"1\" class=\"module_row themify_builder_row tb_b6vc153 tf_w\">\n\t\t\t\t\t\t<div class=\"row_inner col_align_top tb_col_count_1 tf_box tf_rel\">\n\t\t\t\t\t\t<div  data-lazy=\"1\" class=\"module_column tb-column col-full tb_1o3x161 first\">\n\t\t\t\t\t<!-- module fancy heading -->\n<div  class=\"module module-fancy-heading tb_2bsa161  inline-fancy-heading tb_hide_divider\" data-lazy=\"1\">\n\t    <h1 class=\"fancy-heading tf_textl\">\n    <span class=\"main-head tf_inline_b\">\n\t\t\t\t\tAmies\t\t    <\/span>\n\n\t\n    <span class=\"sub-head tf_inline_b tf_rel\">\n\t\t\t\t\t\t\t    <\/span>\n    <\/h1>\n<\/div>\n<!-- \/module fancy heading -->\n\t\t<\/div>\n\t\t\t\t\t\t<\/div>\n\t\t<\/div>\n\t\t\t\t\t\t<div  data-lazy=\"1\" class=\"module_row themify_builder_row tb_76q9453 tf_w\">\n\t\t\t\t\t\t<div class=\"row_inner col_auto_height col_align_middle tb_col_count_5 tf_box tf_rel\">\n\t\t\t\t\t\t<div  data-lazy=\"1\" class=\"module_column tb-column col5-1 tb_oabi455 first\">\n\t\t\t\t\t<!-- module image -->\n<div  class=\"module module-image tb_kvaa456 image-top   tf_mw\" data-lazy=\"1\">\n        <div class=\"image-wrap tf_rel tf_mw\">\n\t\t    <a href=\"https:\/\/bccampus.ca\/\">\n\t\t   \t\t<img loading=\"lazy\" decoding=\"async\" src=\"https:\/\/i0.wp.com\/otessa.org\/wp-content\/uploads\/2019\/10\/bccampus-logo-tagline.png?resize=236%2C85&#038;ssl=1\" width=\"236\" height=\"85\" alt=\"BCcampus\" data-recalc-dims=\"1\">\t    <\/a>\n\t\n\t\t<\/div>\n\t<!-- \/image-wrap -->\n    \n    \t<\/div>\n<!-- \/module image -->\t\t<\/div>\n\t\t\t\t\t<div  data-lazy=\"1\" class=\"module_column tb-column col5-1 tb_jkbv456\">\n\t\t\t\t\t<!-- module image -->\n<div  class=\"module module-image tb_amq7456 image-top   tf_mw\" data-lazy=\"1\">\n        <div class=\"image-wrap tf_rel tf_mw\">\n\t\t    <a href=\"http:\/\/uvic.ca\/education\">\n\t\t   \t\t<img loading=\"lazy\" decoding=\"async\" src=\"https:\/\/i0.wp.com\/otessa.org\/wp-content\/uploads\/2019\/11\/EDUC_comb_h_4c.jpg?resize=706%2C168&#038;ssl=1\" width=\"706\" height=\"168\" alt=\"University of Victoria Faculty of Education\" data-recalc-dims=\"1\">\t    <\/a>\n\t\n\t\t<\/div>\n\t<!-- \/image-wrap -->\n    \n    \t<\/div>\n<!-- \/module image -->\t\t<\/div>\n\t\t\t\t\t<div  data-lazy=\"1\" class=\"module_column tb-column col5-1 tb_j1r0457\">\n\t\t\t\t\t<!-- module image -->\n<div  class=\"module module-image tb_1an8458 image-top   tf_mw\" data-lazy=\"1\">\n        <div class=\"image-wrap tf_rel tf_mw\">\n\t\t    <a href=\"http:\/\/uvic.ca\/\">\n\t\t   \t\t<img loading=\"lazy\" decoding=\"async\" src=\"https:\/\/i0.wp.com\/otessa.org\/wp-content\/uploads\/2022\/02\/PRES_comb_h_4c_cmyk.jpg?resize=749%2C170&#038;ssl=1\" width=\"749\" height=\"170\" alt=\"University of Victoria Office of the President\" data-recalc-dims=\"1\">\t    <\/a>\n\t\n\t\t<\/div>\n\t<!-- \/image-wrap -->\n    \n    \t<\/div>\n<!-- \/module image -->\t\t<\/div>\n\t\t\t\t\t<div  data-lazy=\"1\" class=\"module_column tb-column col5-1 tb_9zau458\">\n\t\t\t\t\t<!-- module image -->\n<div  class=\"module module-image tb_xa6t459 image-top   tf_mw\" data-lazy=\"1\">\n        <div class=\"image-wrap tf_rel tf_mw\">\n\t\t    <a href=\"https:\/\/www.trentu.ca\/online\/\">\n\t\t   \t\t<img decoding=\"async\" src=\"https:\/\/i0.wp.com\/otessa.org\/wp-content\/uploads\/2022\/04\/TrentOnline_logo_cmyk.jpg?w=1165&#038;ssl=1\" alt=\"Trent University Online\" data-recalc-dims=\"1\">\t    <\/a>\n\t\n\t\t<\/div>\n\t<!-- \/image-wrap -->\n    \n    \t<\/div>\n<!-- \/module image -->\t\t<\/div>\n\t\t\t\t\t<div  data-lazy=\"1\" class=\"module_column tb-column col5-1 tb_oijp459 last\">\n\t\t\t\t\t<!-- module image -->\n<div  class=\"module module-image tb_wbm2459 image-top   tf_mw\" data-lazy=\"1\">\n        <div class=\"image-wrap tf_rel tf_mw\">\n\t\t    <a href=\"https:\/\/www.learnquebec.ca\" rel=\"noopener\" target=\"_blank\">\n\t\t   \t\t<img loading=\"lazy\" decoding=\"async\" src=\"https:\/\/i0.wp.com\/otessa.org\/wp-content\/uploads\/2022\/04\/layout_set_logo.gif?resize=151%2C89&#038;ssl=1\" width=\"151\" height=\"89\" alt=\"Learn Qu\u00e9bec\" data-recalc-dims=\"1\">\t    <\/a>\n\t\n\t\t<\/div>\n\t<!-- \/image-wrap -->\n    \n    \t<\/div>\n<!-- \/module image -->\t\t<\/div>\n\t\t\t\t\t\t<\/div>\n\t\t<\/div>\n\t\t<\/div>\n<!--\/themify_builder_content-->","protected":false},"excerpt":{"rendered":"<p>Nos parrains (sponsors) jouent un r\u00f4le important pour notre association et ses \u00e9v\u00e9nements, ils nous permettent d&rsquo;atteindre de plus hauts objectifs et soutiennent notre communaut\u00e9 de telle fa\u00e7on que nous ne pourrions le faire sans eux. Apprenez-en plus \u00e0 propos des parrains exceptionnels de l&rsquo;association OTESSA en cliquant sur leur logo ci-dessous. Pour plus d&rsquo;information [&hellip;]<\/p>\n","protected":false},"author":5,"featured_media":0,"parent":0,"menu_order":0,"comment_status":"closed","ping_status":"closed","template":"","meta":{"footnotes":""},"jetpack_sharing_enabled":true,"_links":{"self":[{"href":"https:\/\/otessa.org\/fr\/wp-json\/wp\/v2\/pages\/735"}],"collection":[{"href":"https:\/\/otessa.org\/fr\/wp-json\/wp\/v2\/pages"}],"about":[{"href":"https:\/\/otessa.org\/fr\/wp-json\/wp\/v2\/types\/page"}],"author":[{"embeddable":true,"href":"https:\/\/otessa.org\/fr\/wp-json\/wp\/v2\/users\/5"}],"replies":[{"embeddable":true,"href":"https:\/\/otessa.org\/fr\/wp-json\/wp\/v2\/comments?post=735"}],"version-history":[{"count":15,"href":"https:\/\/otessa.org\/fr\/wp-json\/wp\/v2\/pages\/735\/revisions"}],"predecessor-version":[{"id":1871,"href":"https:\/\/otessa.org\/fr\/wp-json\/wp\/v2\/pages\/735\/revisions\/1871"}],"wp:attachment":[{"href":"https:\/\/otessa.org\/fr\/wp-json\/wp\/v2\/media?parent=735"}],"curies":[{"name":"wp","href":"https:\/\/api.w.org\/{rel}","templated":true}]}}