{"id":147,"date":"2022-02-03T16:25:41","date_gmt":"2022-02-04T00:25:41","guid":{"rendered":"https:\/\/otessa.org\/otessa22-fr\/?page_id=147"},"modified":"2022-03-31T06:27:05","modified_gmt":"2022-03-31T13:27:05","slug":"registration","status":"publish","type":"page","link":"https:\/\/otessa.org\/otessa22-fr\/registration\/","title":{"rendered":"Inscription"},"content":{"rendered":"<!--themify_builder_content-->\n<div id=\"themify_builder_content-147\" data-postid=\"147\" class=\"themify_builder_content themify_builder_content-147 themify_builder tf_clear\">\n    \t\t\t\t<div  data-mobile-padding=\"20%,20%\" data-css_id=\"d07v518\" data-lazy=\"1\" class=\"module_row themify_builder_row fullwidth_row_container tb_d07v518 tb_first tf_w\">\n\t\t\t<span class=\"builder_row_cover tf_abs\"><\/span><span class=\"tb_row_frame_wrap tf_overflow tf_abs\" data-lazy=\"1\"><span class=\"tb_row_frame tb_row_frame_bottom in_front tf_abs tf_hide tf_overflow tf_w\"><\/span><\/span>\t\t\t<div class=\"row_inner col_align_top tb_col_count_2 tf_box tf_rel\">\n\t\t\t\t\t\t<div  data-lazy=\"1\" class=\"module_column tb-column col4-2 tb_yi1r520 first\">\n\t\t\t\t\t<!-- module text -->\n<div  class=\"module module-text tb_yhjb520   \" data-lazy=\"1\">\n\t    <div  class=\"tb_text_wrap\">\n\t\t<h1>Inscription #OTESSA22<\/h1>\n<h2>5 jours de communications, discussions et ateliers en ligne,<\/h2>\n<h2>du 16 au 20 mai 2022, soyez des n\u00f4tres!<\/h2>    <\/div>\n<\/div>\n<!-- \/module text -->\t\t<\/div>\n\t\t\t\t\t<div  data-lazy=\"1\" class=\"module_column tb-column col4-2 tb_076r520 last\">\n\t\t\t\t\t\t\t<\/div>\n\t\t\t\t\t\t<\/div>\n\t\t<\/div>\n\t\t\t\t\t\t<div  data-lazy=\"1\" class=\"module_row themify_builder_row tb_ubk2518 tf_w\">\n\t\t\t\t\t\t<div class=\"row_inner col_align_top tb_col_count_2 tf_box tf_rel\">\n\t\t\t\t\t\t<div  data-lazy=\"1\" class=\"module_column tb-column col4-2 tb_een1521 first\">\n\t\t\t\t\t<!-- module callout -->\n<div  class=\"module ui module-callout tb_cztj521 button-bottom-center tb_default_color  \" data-lazy=\"1\">\n    \n    <div class=\"callout-inner\">\n\t<div class=\"callout-content tf_left\">\n\t    <h3 class=\"callout-heading\">Inscription<\/h3>\n\t    <div class=\"tb_text_wrap\">\n\t\t\tSuivez ce lien pour vous rendre sur le site web du Congr\u00e8s 2022 afin de vous inscrire \u00e0 #OTESSA22\t    <\/div>\n\t<\/div>\n\t<!-- \/callout-content -->\n\t\t\t\t    <div class=\"callout-button tf_right tf_textr\">\n\t\t    <a href=\"https:\/\/www.federationhss.ca\/en\/congress\/congress-2022\/register\" class=\"ui builder_button rounded blue\" rel=\"noopener\" target=\"_blank\">\n\t\t\t\t<span class=\"tb_callout_text\">S'inscrire<\/span>\n\t\t    <\/a>\n\t\t<\/div>\n\t        <\/div>\n    <!-- \/callout-content -->\n<\/div>\n<!-- \/module callout -->\n\t\t<\/div>\n\t\t\t\t\t<div  data-lazy=\"1\" class=\"module_column tb-column col4-2 tb_56w2521 last\">\n\t\t\t\t\t<!-- module callout -->\n<div  class=\"module ui module-callout tb_1p8l522 button-bottom-center tb_default_color  \" data-lazy=\"1\">\n    \n    <div class=\"callout-inner\">\n\t<div class=\"callout-content tf_left\">\n\t    <h3 class=\"callout-heading\"> Personnes noires et autochtones<\/h3>\n\t    <div class=\"tb_text_wrap\">\n\t\t\tToutes les personnes participantes noires et autochtones (\u00e9tudiants ou non) s&#8217;inscrivent gratuitement cette ann\u00e9e. Svp contactez-nous par le biais du lien ci-dessous pour obtenir votre lien d&#8217;inscription unique. \t    <\/div>\n\t<\/div>\n\t<!-- \/callout-content -->\n\t\t\t\t    <div class=\"callout-button tf_right tf_textr\">\n\t\t    <a href=\"mailto:conference@otessa.org\" class=\"ui builder_button rounded green\" rel=\"noopener\" target=\"_blank\">\n\t\t\t\t<span class=\"tb_callout_text\">Nous contacter<\/span>\n\t\t    <\/a>\n\t\t<\/div>\n\t        <\/div>\n    <!-- \/callout-content -->\n<\/div>\n<!-- \/module callout -->\n\t\t<\/div>\n\t\t\t\t\t\t<\/div>\n\t\t<\/div>\n\t\t\t\t\t\t<div  data-lazy=\"1\" class=\"module_row themify_builder_row tb_1le0518 tf_w\">\n\t\t\t\t\t\t<div class=\"row_inner col_align_top tb_col_count_1 tf_box tf_rel\">\n\t\t\t\t\t\t<div  data-lazy=\"1\" class=\"module_column tb-column col-full tb_5eby522 first\">\n\t\t\t\t\t<!-- module text -->\n<div  class=\"module module-text tb_a476522   \" data-lazy=\"1\">\n\t    <div  class=\"tb_text_wrap\">\n\t\t<h5 style=\"text-align: center;\">Nous soutenons tous ceux pour qui les frais d&#8217;inscription sont trop \u00e9lev\u00e9s pour leurs conditions. Svp <a href=\"mailto:conference@otessa.org\">contactez-nous<\/a> pour que nous puissions ensemble abolir les barri\u00e8res \u00e0 votre participation.\u00a0<\/h5>    <\/div>\n<\/div>\n<!-- \/module text -->\t\t<\/div>\n\t\t\t\t\t\t<\/div>\n\t\t<\/div>\n\t\t<\/div>\n<!--\/themify_builder_content-->","protected":false},"excerpt":{"rendered":"<p>Inscription #OTESSA22 5 jours de communications, discussions et ateliers en ligne, du 16 au 20 mai 2022, soyez des n\u00f4tres! Inscription Suivez ce lien pour vous rendre sur le site web du Congr\u00e8s 2022 afin de vous inscrire \u00e0 #OTESSA22 S&#8217;inscrire Personnes noires et autochtones Toutes les personnes participantes noires et autochtones (\u00e9tudiants ou non) [&hellip;]<\/p>\n","protected":false},"author":2,"featured_media":0,"parent":0,"menu_order":0,"comment_status":"closed","ping_status":"closed","template":"","meta":{"footnotes":""},"_links":{"self":[{"href":"https:\/\/otessa.org\/otessa22-fr\/wp-json\/wp\/v2\/pages\/147"}],"collection":[{"href":"https:\/\/otessa.org\/otessa22-fr\/wp-json\/wp\/v2\/pages"}],"about":[{"href":"https:\/\/otessa.org\/otessa22-fr\/wp-json\/wp\/v2\/types\/page"}],"author":[{"embeddable":true,"href":"https:\/\/otessa.org\/otessa22-fr\/wp-json\/wp\/v2\/users\/2"}],"replies":[{"embeddable":true,"href":"https:\/\/otessa.org\/otessa22-fr\/wp-json\/wp\/v2\/comments?post=147"}],"version-history":[{"count":11,"href":"https:\/\/otessa.org\/otessa22-fr\/wp-json\/wp\/v2\/pages\/147\/revisions"}],"predecessor-version":[{"id":196,"href":"https:\/\/otessa.org\/otessa22-fr\/wp-json\/wp\/v2\/pages\/147\/revisions\/196"}],"wp:attachment":[{"href":"https:\/\/otessa.org\/otessa22-fr\/wp-json\/wp\/v2\/media?parent=147"}],"curies":[{"name":"wp","href":"https:\/\/api.w.org\/{rel}","templated":true}]}}